{"id":1078,"date":"2014-07-09T15:49:22","date_gmt":"2014-07-09T13:49:22","guid":{"rendered":"http:\/\/edelweiss.korpak.hu\/?page_id=1078"},"modified":"2024-06-22T19:49:36","modified_gmt":"2024-06-22T17:49:36","slug":"szallasfoglalas","status":"publish","type":"page","link":"https:\/\/www.appartement-edelweiss.at\/de\/szallasfoglalas\/","title":{"rendered":"Buchung"},"content":{"rendered":"<div id='av_section_1'  class='avia-section av-6vaad-c55e08ed1265d185775b179b99e685f4 main_color avia-section-default avia-no-shadow  avia-builder-el-0  avia-builder-el-no-sibling  avia-bg-style-scroll container_wrap fullsize'  ><div class='container av-section-cont-open' ><main  role=\"main\" itemprop=\"mainContentOfPage\"  class='template-page content  av-content-full alpha units'><div class='post-entry post-entry-type-page post-entry-1078'><div class='entry-content-wrapper clearfix'>\n\n<style type=\"text\/css\" data-created_by=\"avia_inline_auto\" id=\"style-css-av-ltua8xfn-70256d9b92df06811b398e1dc1c97479\">\n#top .av-special-heading.av-ltua8xfn-70256d9b92df06811b398e1dc1c97479{\npadding-bottom:25px;\n}\nbody .av-special-heading.av-ltua8xfn-70256d9b92df06811b398e1dc1c97479 .av-special-heading-tag .heading-char{\nfont-size:25px;\n}\n.av-special-heading.av-ltua8xfn-70256d9b92df06811b398e1dc1c97479 .av-subheading{\nfont-size:15px;\n}\n<\/style>\n<div  class='av-special-heading av-ltua8xfn-70256d9b92df06811b398e1dc1c97479 av-special-heading-h2 blockquote modern-quote modern-centered  avia-builder-el-1  el_before_av_one_full  avia-builder-el-first '><h2 class='av-special-heading-tag'  itemprop=\"headline\"  >Buchung<\/h2><div class=\"special-heading-border\"><div class=\"special-heading-inner-border\"><\/div><\/div><\/div>\n<div  class='flex_column av-5lun1p-112ee11eb5ae8a7fbc8e6cb1eacaad0c av_one_full  avia-builder-el-2  el_after_av_heading  el_before_av_one_half  first flex_column_div  '     ><p>\n<style type=\"text\/css\" data-created_by=\"avia_inline_auto\" id=\"style-css-av-5dbhy5-d54e9661153eccca8e06e630b26fa68f\">\n#top .av-special-heading.av-5dbhy5-d54e9661153eccca8e06e630b26fa68f{\npadding-bottom:0;\n}\nbody .av-special-heading.av-5dbhy5-d54e9661153eccca8e06e630b26fa68f .av-special-heading-tag .heading-char{\nfont-size:25px;\n}\n.av-special-heading.av-5dbhy5-d54e9661153eccca8e06e630b26fa68f .av-subheading{\nfont-size:15px;\n}\n<\/style>\n<div  class='av-special-heading av-5dbhy5-d54e9661153eccca8e06e630b26fa68f av-special-heading-h3 blockquote modern-quote  avia-builder-el-3  el_before_av_hr  avia-builder-el-first '><h3 class='av-special-heading-tag'  itemprop=\"headline\"  >Buchen Sie jetzt<\/h3><div class=\"special-heading-border\"><div class=\"special-heading-inner-border\"><\/div><\/div><\/div><br \/>\n\n<style type=\"text\/css\" data-created_by=\"avia_inline_auto\" id=\"style-css-av-bkfsl-75917f51c81bcbab371e289a460c0d2a\">\n#top .hr.av-bkfsl-75917f51c81bcbab371e289a460c0d2a{\nmargin-top:10px;\nmargin-bottom:10px;\n}\n.hr.av-bkfsl-75917f51c81bcbab371e289a460c0d2a .hr-inner{\nwidth:50px;\nborder-color:#f9d400;\n}\n<\/style>\n<div  class='hr av-bkfsl-75917f51c81bcbab371e289a460c0d2a hr-custom  avia-builder-el-4  el_after_av_heading  el_before_av_contact  hr-left hr-icon-no'><span class='hr-inner inner-border-av-border-fat'><span class=\"hr-inner-style\"><\/span><\/span><\/div><br \/>\n<form action=\"https:\/\/www.appartement-edelweiss.at\/de\/szallasfoglalas\/\" method=\"post\" data-fields-with-error=\"Found errors in the following field(s):\" class=\"avia_ajax_form av-form-labels-hidden   avia-builder-el-5  el_after_av_hr  avia-builder-el-last   \" data-avia-form-id=\"1\" data-avia-redirect='' ><fieldset><p class='  first_form  form_element form_element_third' id='element_avia_1_1'><label for=\"avia_1_1\">Name <abbr class=\"required\" title=\"ben\u00f6tigt\">*<\/abbr><\/label> <input name=\"avia_1_1\" class=\"text_input is_empty\" type=\"text\" id=\"avia_1_1\" value=\"\"  placeholder='Name*'\/><\/p><p class='  form_element form_element_third' id='element_avia_2_1'><label for=\"avia_2_1\">E-Mail-Adresse <abbr class=\"required\" title=\"ben\u00f6tigt\">*<\/abbr><\/label> <input name=\"avia_2_1\" class=\"text_input is_email\" type=\"text\" id=\"avia_2_1\" value=\"\"  placeholder='E-Mail-Adresse*'\/><\/p><p class='  form_element form_element_third' id='element_avia_3_1'><label for=\"avia_3_1\">Telefonnummer <abbr class=\"required\" title=\"ben\u00f6tigt\">*<\/abbr><\/label> <input name=\"avia_3_1\" class=\"text_input is_phone\" type=\"text\" id=\"avia_3_1\" value=\"\"  placeholder='Telefonnummer*'\/><\/p><p class='  first_form  form_element form_element_third' id='element_avia_4_1'><label for=\"avia_4_1\">Datum der Anreise <abbr class=\"required\" title=\"ben\u00f6tigt\">*<\/abbr><\/label> <input name=\"avia_4_1\" class=\"avia_datepicker text_input is_empty\" type=\"text\" id=\"avia_4_1\" value=\"\" placeholder=\"Datum der Anreise*\" \/><\/p><p class='  form_element form_element_third' id='element_avia_5_1'><label for=\"avia_5_1\">Datum der Abreise <abbr class=\"required\" title=\"ben\u00f6tigt\">*<\/abbr><\/label> <input name=\"avia_5_1\" class=\"avia_datepicker text_input is_empty\" type=\"text\" id=\"avia_5_1\" value=\"\" placeholder=\"Datum der Abreise*\" \/><\/p><p class='  form_element form_element_third' id='element_avia_6_1'><label for=\"avia_6_1\">Zahl der G\u00e4ste <abbr class=\"required\" title=\"ben\u00f6tigt\">*<\/abbr><\/label><select  name=\"avia_6_1\" class=\"select is_empty\" id=\"avia_6_1\"><option class=\"av-placeholder\" disabled=\"disabled\" selected=\"selected\" value=''>Zahl der G\u00e4ste*<\/option><option   value='1'>1<\/option><option   value='2'>2<\/option><option   value='3'>3<\/option><option   value='4'>4<\/option><option   value='5'>5<\/option><option   value='6'>6<\/option><\/select><\/p><p class='  first_form  form_element form_fullwidth' id='element_avia_7_1'><label for=\"avia_7_1\">Appartement <abbr class=\"required\" title=\"ben\u00f6tigt\">*<\/abbr><\/label><select  name=\"avia_7_1\" class=\"select is_empty\" id=\"avia_7_1\"><option class=\"av-placeholder\" disabled=\"disabled\" selected=\"selected\" value=''>Appartement*<\/option><option   value='Kleines appartement 2 personen'>Kleines appartement 2 personen<\/option><option   value='Kleines appartement 4 personen'>Kleines appartement 4 personen<\/option><option   value='Top Kleines appartement 2 personen'>Top Kleines appartement 2 personen<\/option><option   value='Top Kleines appartement 4 personen'>Top Kleines appartement 4 personen<\/option><option   value='Grosses appartement 4 personen'>Grosses appartement 4 personen<\/option><option   value='Grosses appartement 6 personen'>Grosses appartement 6 personen<\/option><option   value='Grosses appartement mit Panorama 4 personen'>Grosses appartement mit Panorama 4 personen<\/option><option   value='Grosses appartement mit Panorama 6 personen'>Grosses appartement mit Panorama 6 personen<\/option><\/select><\/p><p class=\"hidden\"><input type=\"text\" name=\"avia_8_1\" class=\"hidden \" id=\"avia_8_1\" value=\"\" \/><\/p><p class='   form_element form_fullwidth' id='element_avia_9_1'><span class='value_verifier_label'>4 + 2 = ?<\/span><input name=\"avia_9_1_verifier\" type=\"hidden\" id=\"avia_9_1_verifier\" value=\"564745411\"\/><label for=\"avia_9_1\">Bitte l\u00f6se die Gleichung. Diese Ma\u00dfnahme dient der Abwehr von Spam <abbr class=\"required\" title=\"ben\u00f6tigt\">*<\/abbr><\/label><input name=\"avia_9_1\" class=\"text_input captcha\" type=\"text\" id=\"avia_9_1\" value=\"\"\/><\/p><p class=\"form_element \"><input type=\"hidden\" value=\"1\" name=\"avia_generated_form1\" \/><input type=\"submit\" value=\"Foglal\u00e1s\" class=\"button\"  data-sending-label=\"Sende\"\/><\/p><\/fieldset><\/form><div id=\"ajaxresponse_1\" class=\"ajaxresponse ajaxresponse_1 hidden\"><\/div><\/p><\/div><div  class='flex_column av-1pnw6d-a518b9f640bb3e799b68bc860b3424a3 av_one_half  avia-builder-el-6  el_after_av_one_full  el_before_av_one_half  first flex_column_div  column-top-margin'     ><p>\n<style type=\"text\/css\" data-created_by=\"avia_inline_auto\" id=\"style-css-av-5j9w5-06ff2b82be81f018bee3cd4118da419b\">\n#top .av-special-heading.av-5j9w5-06ff2b82be81f018bee3cd4118da419b{\npadding-bottom:20px;\n}\nbody .av-special-heading.av-5j9w5-06ff2b82be81f018bee3cd4118da419b .av-special-heading-tag .heading-char{\nfont-size:25px;\n}\n.av-special-heading.av-5j9w5-06ff2b82be81f018bee3cd4118da419b .av-subheading{\nfont-size:15px;\n}\n<\/style>\n<div  class='av-special-heading av-5j9w5-06ff2b82be81f018bee3cd4118da419b av-special-heading-h2 blockquote modern-quote  avia-builder-el-7  el_before_av_image  avia-builder-el-first '><h2 class='av-special-heading-tag'  itemprop=\"headline\"  >KLEINES APPARTEMENT<\/h2><div class='av-subheading av-subheading_below'><p>2+2 G\u00c4STE<\/p>\n<\/div><div class=\"special-heading-border\"><div class=\"special-heading-inner-border\"><\/div><\/div><\/div><br \/>\n\n<style type=\"text\/css\" data-created_by=\"avia_inline_auto\" id=\"style-css-av-t48e5-be2e4f5293785fc8466693bbaa40c539\">\n.avia-image-container.av-t48e5-be2e4f5293785fc8466693bbaa40c539 img.avia_image{\nbox-shadow:none;\n}\n.avia-image-container.av-t48e5-be2e4f5293785fc8466693bbaa40c539 .av-image-caption-overlay-center{\ncolor:#ffffff;\n}\n<\/style>\n<div  class='avia-image-container av-t48e5-be2e4f5293785fc8466693bbaa40c539 av-styling- avia-align-center  avia-builder-el-8  el_after_av_heading  el_before_av_textblock '   itemprop=\"image\" itemscope=\"itemscope\" itemtype=\"https:\/\/schema.org\/ImageObject\" ><div class=\"avia-image-container-inner\"><div class=\"avia-image-overlay-wrap\"><img decoding=\"async\" class='wp-image-962 avia-img-lazy-loading-not-962 avia_image ' src=\"https:\/\/www.appartement-edelweiss.at\/wp-content\/uploads\/Edelweiss_20-1030x687.jpg\" alt='' title='Edelweiss_20'  height=\"687\" width=\"1030\"  itemprop=\"thumbnailUrl\" srcset=\"https:\/\/www.appartement-edelweiss.at\/wp-content\/uploads\/Edelweiss_20-1030x687.jpg 1030w, https:\/\/www.appartement-edelweiss.at\/wp-content\/uploads\/Edelweiss_20-300x200.jpg 300w, https:\/\/www.appartement-edelweiss.at\/wp-content\/uploads\/Edelweiss_20-768x512.jpg 768w, https:\/\/www.appartement-edelweiss.at\/wp-content\/uploads\/Edelweiss_20-1536x1024.jpg 1536w, https:\/\/www.appartement-edelweiss.at\/wp-content\/uploads\/Edelweiss_20-1500x1000.jpg 1500w, https:\/\/www.appartement-edelweiss.at\/wp-content\/uploads\/Edelweiss_20-705x470.jpg 705w, https:\/\/www.appartement-edelweiss.at\/wp-content\/uploads\/Edelweiss_20.jpg 1920w\" sizes=\"(max-width: 1030px) 100vw, 1030px\" \/><\/div><\/div><\/div><br \/>\n<section  class='av_textblock_section av-1a1fpx-ccfa6ca3b699c5b3465fe32389d28b78 '   itemscope=\"itemscope\" itemtype=\"https:\/\/schema.org\/CreativeWork\" ><div class='avia_textblock'  itemprop=\"text\" ><p>Ein Schlafzimmer mit Doppelbett, ein Wohnzimmer inkl. K\u00fcchenbereich. Die Couch im Wohnzimmer kann zu einem Bett f\u00fcr zwei Personen umfunktioniert werden. Unsere K\u00fcche ist v\u00f6llig ausger\u00fcstet (Kochfelder, Herd, K\u00fchlschrank, Tiefk\u00fchlschrank, Mikrowelle, Sp\u00fclmaschine usw.). Au\u00dferdem gibt es im Appartement ein Bad mit Duschkabine inkl. Toilette.<\/p>\n<\/div><\/section><\/p><\/div><div  class='flex_column av-1343n1-47afc083f6e87ff7d42c44c185ea8b30 av_one_half  avia-builder-el-10  el_after_av_one_half  el_before_av_one_full  flex_column_div  column-top-margin'     ><p>\n<style type=\"text\/css\" data-created_by=\"avia_inline_auto\" id=\"style-css-av-vjupp-39ffbe60d793699abdbb5f2a78958695\">\n#top .av-special-heading.av-vjupp-39ffbe60d793699abdbb5f2a78958695{\npadding-bottom:20px;\n}\nbody .av-special-heading.av-vjupp-39ffbe60d793699abdbb5f2a78958695 .av-special-heading-tag .heading-char{\nfont-size:25px;\n}\n.av-special-heading.av-vjupp-39ffbe60d793699abdbb5f2a78958695 .av-subheading{\nfont-size:15px;\n}\n<\/style>\n<div  class='av-special-heading av-vjupp-39ffbe60d793699abdbb5f2a78958695 av-special-heading-h2 blockquote modern-quote  avia-builder-el-11  el_before_av_image  avia-builder-el-first '><h2 class='av-special-heading-tag'  itemprop=\"headline\"  >GROSSES APPARTEMENT<\/h2><div class='av-subheading av-subheading_below'><p>2+2 G\u00c4STE<\/p>\n<\/div><div class=\"special-heading-border\"><div class=\"special-heading-inner-border\"><\/div><\/div><\/div><br \/>\n\n<style type=\"text\/css\" data-created_by=\"avia_inline_auto\" id=\"style-css-av-1ee0al-5a6d300658b64b6a03284bee218aa02f\">\n.avia-image-container.av-1ee0al-5a6d300658b64b6a03284bee218aa02f img.avia_image{\nbox-shadow:none;\n}\n.avia-image-container.av-1ee0al-5a6d300658b64b6a03284bee218aa02f .av-image-caption-overlay-center{\ncolor:#ffffff;\n}\n<\/style>\n<div  class='avia-image-container av-1ee0al-5a6d300658b64b6a03284bee218aa02f av-styling- avia-align-center  avia-builder-el-12  el_after_av_heading  el_before_av_textblock '   itemprop=\"image\" itemscope=\"itemscope\" itemtype=\"https:\/\/schema.org\/ImageObject\" ><div class=\"avia-image-container-inner\"><div class=\"avia-image-overlay-wrap\"><img decoding=\"async\" class='wp-image-954 avia-img-lazy-loading-not-954 avia_image ' src=\"https:\/\/www.appartement-edelweiss.at\/wp-content\/uploads\/Edelweiss_16-1030x687.jpg\" alt='' title='Edelweiss_16'  height=\"687\" width=\"1030\"  itemprop=\"thumbnailUrl\" srcset=\"https:\/\/www.appartement-edelweiss.at\/wp-content\/uploads\/Edelweiss_16-1030x687.jpg 1030w, https:\/\/www.appartement-edelweiss.at\/wp-content\/uploads\/Edelweiss_16-300x200.jpg 300w, https:\/\/www.appartement-edelweiss.at\/wp-content\/uploads\/Edelweiss_16-768x512.jpg 768w, https:\/\/www.appartement-edelweiss.at\/wp-content\/uploads\/Edelweiss_16-1536x1024.jpg 1536w, https:\/\/www.appartement-edelweiss.at\/wp-content\/uploads\/Edelweiss_16-1500x1000.jpg 1500w, https:\/\/www.appartement-edelweiss.at\/wp-content\/uploads\/Edelweiss_16-705x470.jpg 705w, https:\/\/www.appartement-edelweiss.at\/wp-content\/uploads\/Edelweiss_16.jpg 1920w\" sizes=\"(max-width: 1030px) 100vw, 1030px\" \/><\/div><\/div><\/div><br \/>\n<section  class='av_textblock_section av-jtw4l-10ea5a68cd8e7c6934a9d1b4be070311 '   itemscope=\"itemscope\" itemtype=\"https:\/\/schema.org\/CreativeWork\" ><div class='avia_textblock'  itemprop=\"text\" ><p>Zwei Schlafzimmer, beide mit Doppelbett, ein Wohnzimmer inkl. K\u00fcchenbereich. Die Couch im Wohnzimmer kann zu einem Bett f\u00fcr zwei Personen umfunktioniert werden. Unsere K\u00fcche ist v\u00f6llig ausger\u00fcstet (Kochfelder, Herd, K\u00fchlschrank, Tiefk\u00fchlschrank, Mikrowelle, Sp\u00fclmaschine usw.). Au\u00dferdem gibt es im Appartement ein Bad mit Duschkabine inkl. Toilette.<\/p>\n<\/div><\/section><\/p><\/div><div  class='flex_column av-7mmut-ce32e87f3219ea6dfd2baf88980ac298 av_one_full  avia-builder-el-14  el_after_av_one_half  avia-builder-el-last  first flex_column_div  column-top-margin'     ><div  class='av_promobox av-7lml9-7729627c7027359d76c7fc25b19dd414 avia-button-yes  avia-builder-el-15  avia-builder-el-no-sibling '><div class='avia-promocontent'><p>\nSchauen Sie sich unsere Galerie mit der Sch\u00f6nheit der Natur und der atemberaubenden Umgebung an.<\/p>\n<\/div><div  class='avia-button-wrap av-7lml9-c0bf664bf4a085283c604ba05cb628e8-wrap avia-button-right '>\n<style type=\"text\/css\" data-created_by=\"avia_inline_auto\" id=\"style-css-av-7lml9-c0bf664bf4a085283c604ba05cb628e8\">\n#top #wrap_all .avia-button.av-7lml9-c0bf664bf4a085283c604ba05cb628e8{\nbackground-color:#f9d400;\nborder-color:#f9d400;\ncolor:#000000;\ntransition:all 0.4s ease-in-out;\n}\n<\/style>\n<a href='https:\/\/www.appartement-edelweiss.at\/en\/adatkezelesi-tajekoztato\/'  class='avia-button av-7lml9-c0bf664bf4a085283c604ba05cb628e8 avia-icon_select-no avia-size-large avia-position-right'  ><span class='avia_iconbox_title' >Bildgalerie<\/span><\/a><\/div><\/div><\/div>\n","protected":false},"excerpt":{"rendered":"","protected":false},"author":1,"featured_media":0,"parent":0,"menu_order":0,"comment_status":"closed","ping_status":"open","template":"","meta":{"footnotes":""},"class_list":["post-1078","page","type-page","status-publish","hentry"],"yoast_head":"<!-- This site is optimized with the Yoast SEO Premium plugin v27.6 (Yoast SEO v27.6) - https:\/\/yoast.com\/product\/yoast-seo-premium-wordpress\/ -->\n<title>Buchung - Edelweiss Appartements<\/title>\n<meta name=\"robots\" content=\"index, follow, max-snippet:-1, max-image-preview:large, max-video-preview:-1\" \/>\n<link rel=\"canonical\" href=\"https:\/\/www.appartement-edelweiss.at\/de\/szallasfoglalas\/\" \/>\n<meta property=\"og:locale\" content=\"de_DE\" \/>\n<meta property=\"og:type\" content=\"article\" \/>\n<meta property=\"og:title\" content=\"Buchung\" \/>\n<meta property=\"og:url\" content=\"https:\/\/www.appartement-edelweiss.at\/de\/szallasfoglalas\/\" \/>\n<meta property=\"og:site_name\" content=\"Edelweiss Appartements\" \/>\n<meta property=\"article:publisher\" content=\"https:\/\/www.facebook.com\/EdelweissAppartement\" \/>\n<meta property=\"article:modified_time\" content=\"2024-06-22T17:49:36+00:00\" \/>\n<meta name=\"twitter:card\" content=\"summary_large_image\" \/>\n<meta name=\"twitter:label1\" content=\"Gesch\u00e4tzte Lesezeit\" \/>\n\t<meta name=\"twitter:data1\" content=\"2\u00a0Minuten\" \/>\n<script type=\"application\/ld+json\" class=\"yoast-schema-graph\">{\"@context\":\"https:\\\/\\\/schema.org\",\"@graph\":[{\"@type\":\"WebPage\",\"@id\":\"https:\\\/\\\/www.appartement-edelweiss.at\\\/de\\\/szallasfoglalas\\\/\",\"url\":\"https:\\\/\\\/www.appartement-edelweiss.at\\\/de\\\/szallasfoglalas\\\/\",\"name\":\"Buchung - Edelweiss Appartements\",\"isPartOf\":{\"@id\":\"https:\\\/\\\/www.appartement-edelweiss.at\\\/#website\"},\"datePublished\":\"2014-07-09T13:49:22+00:00\",\"dateModified\":\"2024-06-22T17:49:36+00:00\",\"breadcrumb\":{\"@id\":\"https:\\\/\\\/www.appartement-edelweiss.at\\\/de\\\/szallasfoglalas\\\/#breadcrumb\"},\"inLanguage\":\"de\",\"potentialAction\":[{\"@type\":\"ReadAction\",\"target\":[\"https:\\\/\\\/www.appartement-edelweiss.at\\\/de\\\/szallasfoglalas\\\/\"]}]},{\"@type\":\"BreadcrumbList\",\"@id\":\"https:\\\/\\\/www.appartement-edelweiss.at\\\/de\\\/szallasfoglalas\\\/#breadcrumb\",\"itemListElement\":[{\"@type\":\"ListItem\",\"position\":1,\"name\":\"Kezd\u0151lap\",\"item\":\"https:\\\/\\\/www.appartement-edelweiss.at\\\/de\\\/edelweiss-appartements\\\/\"},{\"@type\":\"ListItem\",\"position\":2,\"name\":\"Buchung\"}]},{\"@type\":\"WebSite\",\"@id\":\"https:\\\/\\\/www.appartement-edelweiss.at\\\/#website\",\"url\":\"https:\\\/\\\/www.appartement-edelweiss.at\\\/\",\"name\":\"Edelweiss Appartements\",\"description\":\"\",\"publisher\":{\"@id\":\"https:\\\/\\\/www.appartement-edelweiss.at\\\/#organization\"},\"potentialAction\":[{\"@type\":\"SearchAction\",\"target\":{\"@type\":\"EntryPoint\",\"urlTemplate\":\"https:\\\/\\\/www.appartement-edelweiss.at\\\/?s={search_term_string}\"},\"query-input\":{\"@type\":\"PropertyValueSpecification\",\"valueRequired\":true,\"valueName\":\"search_term_string\"}}],\"inLanguage\":\"de\"},{\"@type\":\"Organization\",\"@id\":\"https:\\\/\\\/www.appartement-edelweiss.at\\\/#organization\",\"name\":\"Edelweiss Appartements\",\"url\":\"https:\\\/\\\/www.appartement-edelweiss.at\\\/\",\"logo\":{\"@type\":\"ImageObject\",\"inLanguage\":\"de\",\"@id\":\"https:\\\/\\\/www.appartement-edelweiss.at\\\/#\\\/schema\\\/logo\\\/image\\\/\",\"url\":\"https:\\\/\\\/www.appartement-edelweiss.at\\\/wp-content\\\/uploads\\\/logo-1.svg\",\"contentUrl\":\"https:\\\/\\\/www.appartement-edelweiss.at\\\/wp-content\\\/uploads\\\/logo-1.svg\",\"width\":1,\"height\":1,\"caption\":\"Edelweiss Appartements\"},\"image\":{\"@id\":\"https:\\\/\\\/www.appartement-edelweiss.at\\\/#\\\/schema\\\/logo\\\/image\\\/\"},\"sameAs\":[\"https:\\\/\\\/www.facebook.com\\\/EdelweissAppartement\"]}]}<\/script>\n<!-- \/ Yoast SEO Premium plugin. -->","yoast_head_json":{"title":"Buchung - Edelweiss Appartements","robots":{"index":"index","follow":"follow","max-snippet":"max-snippet:-1","max-image-preview":"max-image-preview:large","max-video-preview":"max-video-preview:-1"},"canonical":"https:\/\/www.appartement-edelweiss.at\/de\/szallasfoglalas\/","og_locale":"de_DE","og_type":"article","og_title":"Buchung","og_url":"https:\/\/www.appartement-edelweiss.at\/de\/szallasfoglalas\/","og_site_name":"Edelweiss Appartements","article_publisher":"https:\/\/www.facebook.com\/EdelweissAppartement","article_modified_time":"2024-06-22T17:49:36+00:00","twitter_card":"summary_large_image","twitter_misc":{"Gesch\u00e4tzte Lesezeit":"2\u00a0Minuten"},"schema":{"@context":"https:\/\/schema.org","@graph":[{"@type":"WebPage","@id":"https:\/\/www.appartement-edelweiss.at\/de\/szallasfoglalas\/","url":"https:\/\/www.appartement-edelweiss.at\/de\/szallasfoglalas\/","name":"Buchung - Edelweiss Appartements","isPartOf":{"@id":"https:\/\/www.appartement-edelweiss.at\/#website"},"datePublished":"2014-07-09T13:49:22+00:00","dateModified":"2024-06-22T17:49:36+00:00","breadcrumb":{"@id":"https:\/\/www.appartement-edelweiss.at\/de\/szallasfoglalas\/#breadcrumb"},"inLanguage":"de","potentialAction":[{"@type":"ReadAction","target":["https:\/\/www.appartement-edelweiss.at\/de\/szallasfoglalas\/"]}]},{"@type":"BreadcrumbList","@id":"https:\/\/www.appartement-edelweiss.at\/de\/szallasfoglalas\/#breadcrumb","itemListElement":[{"@type":"ListItem","position":1,"name":"Kezd\u0151lap","item":"https:\/\/www.appartement-edelweiss.at\/de\/edelweiss-appartements\/"},{"@type":"ListItem","position":2,"name":"Buchung"}]},{"@type":"WebSite","@id":"https:\/\/www.appartement-edelweiss.at\/#website","url":"https:\/\/www.appartement-edelweiss.at\/","name":"Edelweiss Appartements","description":"","publisher":{"@id":"https:\/\/www.appartement-edelweiss.at\/#organization"},"potentialAction":[{"@type":"SearchAction","target":{"@type":"EntryPoint","urlTemplate":"https:\/\/www.appartement-edelweiss.at\/?s={search_term_string}"},"query-input":{"@type":"PropertyValueSpecification","valueRequired":true,"valueName":"search_term_string"}}],"inLanguage":"de"},{"@type":"Organization","@id":"https:\/\/www.appartement-edelweiss.at\/#organization","name":"Edelweiss Appartements","url":"https:\/\/www.appartement-edelweiss.at\/","logo":{"@type":"ImageObject","inLanguage":"de","@id":"https:\/\/www.appartement-edelweiss.at\/#\/schema\/logo\/image\/","url":"https:\/\/www.appartement-edelweiss.at\/wp-content\/uploads\/logo-1.svg","contentUrl":"https:\/\/www.appartement-edelweiss.at\/wp-content\/uploads\/logo-1.svg","width":1,"height":1,"caption":"Edelweiss Appartements"},"image":{"@id":"https:\/\/www.appartement-edelweiss.at\/#\/schema\/logo\/image\/"},"sameAs":["https:\/\/www.facebook.com\/EdelweissAppartement"]}]}},"_links":{"self":[{"href":"https:\/\/www.appartement-edelweiss.at\/de\/wp-json\/wp\/v2\/pages\/1078","targetHints":{"allow":["GET"]}}],"collection":[{"href":"https:\/\/www.appartement-edelweiss.at\/de\/wp-json\/wp\/v2\/pages"}],"about":[{"href":"https:\/\/www.appartement-edelweiss.at\/de\/wp-json\/wp\/v2\/types\/page"}],"author":[{"embeddable":true,"href":"https:\/\/www.appartement-edelweiss.at\/de\/wp-json\/wp\/v2\/users\/1"}],"replies":[{"embeddable":true,"href":"https:\/\/www.appartement-edelweiss.at\/de\/wp-json\/wp\/v2\/comments?post=1078"}],"version-history":[{"count":6,"href":"https:\/\/www.appartement-edelweiss.at\/de\/wp-json\/wp\/v2\/pages\/1078\/revisions"}],"predecessor-version":[{"id":1169,"href":"https:\/\/www.appartement-edelweiss.at\/de\/wp-json\/wp\/v2\/pages\/1078\/revisions\/1169"}],"wp:attachment":[{"href":"https:\/\/www.appartement-edelweiss.at\/de\/wp-json\/wp\/v2\/media?parent=1078"}],"curies":[{"name":"wp","href":"https:\/\/api.w.org\/{rel}","templated":true}]}}