{"id":1077,"date":"2014-07-09T15:49:47","date_gmt":"2014-07-09T13:49:47","guid":{"rendered":"http:\/\/edelweiss.korpak.hu\/?page_id=1077"},"modified":"2024-06-23T08:55:22","modified_gmt":"2024-06-23T06:55:22","slug":"kontakt","status":"publish","type":"page","link":"https:\/\/www.appartement-edelweiss.at\/de\/kontakt\/","title":{"rendered":"Kontakt"},"content":{"rendered":"<div id='av_section_1'  class='avia-section av-zadw-225fd0899cf77f68acf891a5f9cff34f main_color avia-section-default avia-no-shadow  avia-builder-el-0  avia-builder-el-no-sibling  avia-bg-style-scroll container_wrap fullsize'  ><div class='container av-section-cont-open' ><main  role=\"main\" itemprop=\"mainContentOfPage\"  class='template-page content  av-content-full alpha units'><div class='post-entry post-entry-type-page post-entry-1077'><div class='entry-content-wrapper clearfix'>\n<div  class='flex_column av-7j34c-4edbbfdcb25c04530f107fcc48fcf5ad av_one_half  avia-builder-el-1  el_before_av_one_half  avia-builder-el-first  first flex_column_div  '     ><p>\n<style type=\"text\/css\" data-created_by=\"avia_inline_auto\" id=\"style-css-av-6rdqs-b8e785efdae7da1a7e432d76c164650e\">\n#top .av-special-heading.av-6rdqs-b8e785efdae7da1a7e432d76c164650e{\npadding-bottom:10px;\n}\nbody .av-special-heading.av-6rdqs-b8e785efdae7da1a7e432d76c164650e .av-special-heading-tag .heading-char{\nfont-size:25px;\n}\n.av-special-heading.av-6rdqs-b8e785efdae7da1a7e432d76c164650e .av-subheading{\nfont-size:15px;\n}\n<\/style>\n<div  class='av-special-heading av-6rdqs-b8e785efdae7da1a7e432d76c164650e av-special-heading-h1 blockquote modern-quote  avia-builder-el-2  el_before_av_textblock  avia-builder-el-first '><h1 class='av-special-heading-tag'  itemprop=\"headline\"  >KONTAKTE<\/h1><div class=\"special-heading-border\"><div class=\"special-heading-inner-border\"><\/div><\/div><\/div><br \/>\n<section  class='av_textblock_section av-luoccme4-338ad7c163746813ab6bed6c5f914b95 '   itemscope=\"itemscope\" itemtype=\"https:\/\/schema.org\/CreativeWork\" ><div class='avia_textblock'  itemprop=\"text\" ><h4><strong>APPARTEMENTHAUS<\/strong><\/h4>\n<\/div><\/section><br \/>\n\n<style type=\"text\/css\" data-created_by=\"avia_inline_auto\" id=\"style-css-av-14olk-099d60102901c103dd95e32472c4fac9\">\n#top .hr.av-14olk-099d60102901c103dd95e32472c4fac9{\nmargin-top:10px;\nmargin-bottom:10px;\n}\n.hr.av-14olk-099d60102901c103dd95e32472c4fac9 .hr-inner{\nwidth:50px;\nborder-color:#f9d400;\n}\n<\/style>\n<div  class='hr av-14olk-099d60102901c103dd95e32472c4fac9 hr-custom  avia-builder-el-4  el_after_av_textblock  el_before_av_textblock  hr-left hr-icon-no'><span class='hr-inner inner-border-av-border-fat'><span class=\"hr-inner-style\"><\/span><\/span><\/div><br \/>\n<section  class='av_textblock_section av-6ei5w-8b78d026d4752d00c0f24dfb6c14b22b '   itemscope=\"itemscope\" itemtype=\"https:\/\/schema.org\/CreativeWork\" ><div class='avia_textblock'  itemprop=\"text\" ><table style=\"border-collapse: collapse; border: 0px; background-color: transparent;\" border=\"0\" cellspacing=\"0\" cellpadding=\"0\">\n<tbody>\n<tr style=\"border: 0px; background-color: transparent; color: #333333;\">\n<td style=\"text-align: center; vertical-align: middle; border: 0px;\">\n<style type=\"text\/css\" data-created_by=\"avia_inline_auto\" id=\"style-css-av-2buj8-e1eb88fbf89847e9489ab98f69bac977\">\n.av_font_icon.av-2buj8-e1eb88fbf89847e9489ab98f69bac977 .av-icon-char{\nfont-size:40px;\nline-height:40px;\n}\n<\/style>\n<span  class='av_font_icon av-2buj8-e1eb88fbf89847e9489ab98f69bac977 avia_animate_when_visible av-icon-style- avia-icon-pos-left av-no-color avia-icon-animate'><span class='av-icon-char' aria-hidden='true' data-av_icon='\ue842' data-av_iconfont='entypo-fontello' ><\/span><\/span><\/td>\n<td style=\"vertical-align: middle; border: 0px;\">Edelweiss-Appartement Ausztria, 5541 Altenmarkt im Pongau Holzbr\u00fcckenweg 9.<\/td>\n<\/tr>\n<tr style=\"border: 0px; background-color: transparent; color: #333333;\">\n<td style=\"text-align: center; vertical-align: middle; border: 0px;\">\n<style type=\"text\/css\" data-created_by=\"avia_inline_auto\" id=\"style-css-av-1ps38-8d8eb07cd763a053c5b570cf7d82904a\">\n.av_font_icon.av-1ps38-8d8eb07cd763a053c5b570cf7d82904a .av-icon-char{\nfont-size:32px;\nline-height:32px;\n}\n<\/style>\n<span  class='av_font_icon av-1ps38-8d8eb07cd763a053c5b570cf7d82904a avia_animate_when_visible av-icon-style- avia-icon-pos-left av-no-color avia-icon-animate'><span class='av-icon-char' aria-hidden='true' data-av_icon='\ue854' data-av_iconfont='entypo-fontello' ><\/span><\/span><\/td>\n<td style=\"vertical-align: middle; border: 0px;\">Tel.: 00 \/ 36 \/ 30\u00a0993 09 80<\/td>\n<\/tr>\n<tr style=\"border: 0px; background-color: transparent; color: #333333;\">\n<td style=\"text-align: center; vertical-align: middle; border: 0px;\">\n<style type=\"text\/css\" data-created_by=\"avia_inline_auto\" id=\"style-css-av-13br8-b195686f01d620056f51c67f6b834fe1\">\n.av_font_icon.av-13br8-b195686f01d620056f51c67f6b834fe1 .av-icon-char{\nfont-size:32px;\nline-height:32px;\n}\n<\/style>\n<span  class='av_font_icon av-13br8-b195686f01d620056f51c67f6b834fe1 avia_animate_when_visible av-icon-style- avia-icon-pos-left av-no-color avia-icon-animate'><span class='av-icon-char' aria-hidden='true' data-av_icon='\ue805' data-av_iconfont='entypo-fontello' ><\/span><\/span><\/td>\n<td style=\"vertical-align: middle; border: 0px;\">E-mail:\u00a0<a href=\"mailto:info@appartement-edelweiss.at\">info@appartement-edelweiss.at<\/a><\/td>\n<\/tr>\n<\/tbody>\n<\/table>\n<\/div><\/section><br \/>\n\n<style type=\"text\/css\" data-created_by=\"avia_inline_auto\" id=\"style-css-av-5k0ms-7bfbddf68f38d9d3efa593d6a5b998d9\">\n.avia-image-container.av-5k0ms-7bfbddf68f38d9d3efa593d6a5b998d9 img.avia_image{\nbox-shadow:none;\n}\n.avia-image-container.av-5k0ms-7bfbddf68f38d9d3efa593d6a5b998d9 .av-image-caption-overlay-center{\ncolor:#ffffff;\n}\n<\/style>\n<div  class='avia-image-container av-5k0ms-7bfbddf68f38d9d3efa593d6a5b998d9 av-styling- avia-align-center  avia-builder-el-9  el_after_av_textblock  avia-builder-el-last '   itemprop=\"image\" itemscope=\"itemscope\" itemtype=\"https:\/\/schema.org\/ImageObject\" ><div class=\"avia-image-container-inner\"><div class=\"avia-image-overlay-wrap\"><img decoding=\"async\" class='wp-image-1016 avia-img-lazy-loading-not-1016 avia_image ' src=\"https:\/\/www.appartement-edelweiss.at\/wp-content\/uploads\/Edelweiss_47-1500x630.jpg\" alt='' title='Edelweiss_47'  height=\"630\" width=\"1500\"  itemprop=\"thumbnailUrl\"  \/><\/div><\/div><\/div><\/p><\/div><div  class='flex_column av-4axvc-84a51af6177765506d3d78264e26767a av_one_half  avia-builder-el-10  el_after_av_one_half  el_before_av_one_half  flex_column_div  '     ><p>\n<style type=\"text\/css\" data-created_by=\"avia_inline_auto\" id=\"style-css-av-luocgy7s-a4f0d241c4d703abe91b1fbfc6b86b02\">\n#top .hr.hr-invisible.av-luocgy7s-a4f0d241c4d703abe91b1fbfc6b86b02{\nheight:50px;\n}\n<\/style>\n<div  class='hr av-luocgy7s-a4f0d241c4d703abe91b1fbfc6b86b02 hr-invisible  avia-builder-el-11  el_before_av_contact  avia-builder-el-first '><span class='hr-inner '><span class=\"hr-inner-style\"><\/span><\/span><\/div><br \/>\n<form action=\"https:\/\/www.appartement-edelweiss.at\/de\/kontakt\/\" method=\"post\" data-fields-with-error=\"Found errors in the following field(s):\" class=\"avia_ajax_form av-form-labels-hidden   avia-builder-el-12  el_after_av_hr  avia-builder-el-last   \" data-avia-form-id=\"1\" data-avia-redirect='' ><fieldset><p class='  first_form  form_element form_fullwidth' id='element_avia_1_1'><label for=\"avia_1_1\">Ganze Name <abbr class=\"required\" title=\"ben\u00f6tigt\">*<\/abbr><\/label> <input name=\"avia_1_1\" class=\"text_input is_empty\" type=\"text\" id=\"avia_1_1\" value=\"\"  placeholder='Ganze Name*'\/><\/p><p class='  first_form  form_element form_element_half' id='element_avia_2_1'><label for=\"avia_2_1\">Email <abbr class=\"required\" title=\"ben\u00f6tigt\">*<\/abbr><\/label> <input name=\"avia_2_1\" class=\"text_input is_email\" type=\"text\" id=\"avia_2_1\" value=\"\"  placeholder='Email*'\/><\/p><p class='  form_element form_element_half' id='element_avia_3_1'><label for=\"avia_3_1\">Telefonnummer <abbr class=\"required\" title=\"ben\u00f6tigt\">*<\/abbr><\/label> <input name=\"avia_3_1\" class=\"text_input is_phone\" type=\"text\" id=\"avia_3_1\" value=\"\"  placeholder='Telefonnummer*'\/><\/p><p class='  first_form  form_element form_fullwidth' id='element_avia_4_1'><label for=\"avia_4_1\" class=\"textare_label hidden textare_label_avia_4_1\">Nachricht <abbr class=\"required\" title=\"ben\u00f6tigt\">*<\/abbr><\/label><textarea  placeholder='Nachricht*' name=\"avia_4_1\" class=\"text_area is_empty\" cols=\"40\" rows=\"7\" id=\"avia_4_1\" ><\/textarea><\/p><p class=\"hidden\"><input type=\"text\" name=\"avia_5_1\" class=\"hidden \" id=\"avia_5_1\" value=\"\" \/><\/p><p class='   form_element form_fullwidth' id='element_avia_6_1'><span class='value_verifier_label'>4 + 0 = ?<\/span><input name=\"avia_6_1_verifier\" type=\"hidden\" id=\"avia_6_1_verifier\" value=\"472784135\"\/><label for=\"avia_6_1\">Bitte l\u00f6se die Gleichung. Diese Ma\u00dfnahme dient der Abwehr von Spam <abbr class=\"required\" title=\"ben\u00f6tigt\">*<\/abbr><\/label><input name=\"avia_6_1\" class=\"text_input captcha\" type=\"text\" id=\"avia_6_1\" value=\"\"\/><\/p><p class=\"form_element \"><input type=\"hidden\" value=\"1\" name=\"avia_generated_form1\" \/><input type=\"submit\" value=\"Versenden\" class=\"button\"  data-sending-label=\"Sende\"\/><\/p><\/fieldset><\/form><div id=\"ajaxresponse_1\" class=\"ajaxresponse ajaxresponse_1 hidden\"><\/div><\/p><\/div><div  class='flex_column av-1z7r0-d7d85b915d6696106bc6a9f3b7e93cce av_one_half  avia-builder-el-13  el_after_av_one_half  el_before_av_one_half  first flex_column_div  column-top-margin'     ><section  class='av_textblock_section av-luocni8c-a980787706c7dd7fd35ca5cd6915c94c '   itemscope=\"itemscope\" itemtype=\"https:\/\/schema.org\/CreativeWork\" ><div class='avia_textblock'  itemprop=\"text\" ><h4><strong>BETREIBER<\/strong><\/h4>\n<\/div><\/section><br \/>\n\n<style type=\"text\/css\" data-created_by=\"avia_inline_auto\" id=\"style-css-av-p1y0-640afb7a64297a7a0e1e50ec32733d0c\">\n#top .hr.av-p1y0-640afb7a64297a7a0e1e50ec32733d0c{\nmargin-top:10px;\nmargin-bottom:10px;\n}\n.hr.av-p1y0-640afb7a64297a7a0e1e50ec32733d0c .hr-inner{\nwidth:50px;\nborder-color:#f9d400;\n}\n<\/style>\n<div  class='hr av-p1y0-640afb7a64297a7a0e1e50ec32733d0c hr-custom  avia-builder-el-15  el_after_av_textblock  el_before_av_textblock  hr-left hr-icon-no'><span class='hr-inner inner-border-av-border-fat'><span class=\"hr-inner-style\"><\/span><\/span><\/div><br \/>\n<section  class='av_textblock_section av-53i9k-fdcf18c6cf64905adcb26c927bd9a078 '   itemscope=\"itemscope\" itemtype=\"https:\/\/schema.org\/CreativeWork\" ><div class='avia_textblock'  itemprop=\"text\" ><p>J\u00e1nos Treszner und Erzs\u00e9bet Mik\u00f3<\/p>\n<p>\u00d6sterreich, 5541 Altenmarkt im Pongau\u00a0\u00a0Holzbr\u00fcckenweg 9.<\/p>\n<p>Umsatzsteuer-Identifikationsnummer: ATU66429037<\/p>\n<p>Kontonummer: AT593500400000201087\u00a0(SWIFT: RVSAAT2S004 KONTO: 201087 BLZ: 35004)<\/p>\n<\/div><\/section><\/p><\/div><div  class='flex_column av-4q00-ba003ef5f5234e5732e9869a603dfe79 av_one_half  avia-builder-el-17  el_after_av_one_half  avia-builder-el-last  flex_column_div  column-top-margin'     ><section  class='av_textblock_section av-luocj2nb-4947fe2589f4f827f418ecec671e2bc6 '   itemscope=\"itemscope\" itemtype=\"https:\/\/schema.org\/CreativeWork\" ><div class='avia_textblock'  itemprop=\"text\" ><h4><strong>WEITERE KONTAKTE ZUM HOTEL<\/strong><\/h4>\n<\/div><\/section><br \/>\n\n<style type=\"text\/css\" data-created_by=\"avia_inline_auto\" id=\"style-css-av-wgj8-b42fd1f7a0e2f24cfd24ab6bb66e46c8\">\n#top .hr.av-wgj8-b42fd1f7a0e2f24cfd24ab6bb66e46c8{\nmargin-top:10px;\nmargin-bottom:10px;\n}\n.hr.av-wgj8-b42fd1f7a0e2f24cfd24ab6bb66e46c8 .hr-inner{\nwidth:50px;\nborder-color:#f9d400;\n}\n<\/style>\n<div  class='hr av-wgj8-b42fd1f7a0e2f24cfd24ab6bb66e46c8 hr-custom  avia-builder-el-19  el_after_av_textblock  el_before_av_textblock  hr-left hr-icon-no'><span class='hr-inner inner-border-av-border-fat'><span class=\"hr-inner-style\"><\/span><\/span><\/div><br \/>\n<section  class='av_textblock_section av-luocil36-6b453056099924289e52fe50fdb3440b '   itemscope=\"itemscope\" itemtype=\"https:\/\/schema.org\/CreativeWork\" ><div class='avia_textblock'  itemprop=\"text\" ><p>Buchung: 00 \/ 36 \/ \u00a030\u00a0993 09 80<\/p>\n<p>Kontaktperson: Krisztina Horv\u00e1th<\/p>\n<p><span class=\"HwtZe\" lang=\"de\"><span class=\"jCAhz JxVs2d ChMk0b\"><span class=\"ryNqvb\">Ansprechpartner vor Ort<\/span><\/span><\/span>: Walter Mooslechner<\/p>\n<p>Telefon: 00 \/ 43 \/ 664 4312 048<\/p>\n<p>E-Mail:\u00a0<a href=\"mailto:info@appartement-edelweiss.at\">info@appartement-edelweiss.at<\/a><\/p>\n<\/div><\/section><\/p><\/div>\n","protected":false},"excerpt":{"rendered":"","protected":false},"author":1,"featured_media":0,"parent":0,"menu_order":0,"comment_status":"closed","ping_status":"open","template":"","meta":{"footnotes":""},"class_list":["post-1077","page","type-page","status-publish","hentry"],"yoast_head":"<!-- This site is optimized with the Yoast SEO Premium plugin v27.5 (Yoast SEO v27.5) - https:\/\/yoast.com\/product\/yoast-seo-premium-wordpress\/ -->\n<title>Kontakt - Edelweiss Appartements<\/title>\n<meta name=\"robots\" content=\"index, follow, max-snippet:-1, max-image-preview:large, max-video-preview:-1\" \/>\n<link rel=\"canonical\" href=\"https:\/\/www.appartement-edelweiss.at\/de\/kontakt\/\" \/>\n<meta property=\"og:locale\" content=\"de_DE\" \/>\n<meta property=\"og:type\" content=\"article\" \/>\n<meta property=\"og:title\" content=\"Kontakt\" \/>\n<meta property=\"og:url\" content=\"https:\/\/www.appartement-edelweiss.at\/de\/kontakt\/\" \/>\n<meta property=\"og:site_name\" content=\"Edelweiss Appartements\" \/>\n<meta property=\"article:publisher\" content=\"https:\/\/www.facebook.com\/EdelweissAppartement\" \/>\n<meta property=\"article:modified_time\" content=\"2024-06-23T06:55:22+00:00\" \/>\n<meta name=\"twitter:card\" content=\"summary_large_image\" \/>\n<meta name=\"twitter:label1\" content=\"Gesch\u00e4tzte Lesezeit\" \/>\n\t<meta name=\"twitter:data1\" content=\"1\u00a0Minute\" \/>\n<script type=\"application\/ld+json\" class=\"yoast-schema-graph\">{\"@context\":\"https:\\\/\\\/schema.org\",\"@graph\":[{\"@type\":\"WebPage\",\"@id\":\"https:\\\/\\\/www.appartement-edelweiss.at\\\/de\\\/kontakt\\\/\",\"url\":\"https:\\\/\\\/www.appartement-edelweiss.at\\\/de\\\/kontakt\\\/\",\"name\":\"Kontakt - Edelweiss Appartements\",\"isPartOf\":{\"@id\":\"https:\\\/\\\/www.appartement-edelweiss.at\\\/#website\"},\"datePublished\":\"2014-07-09T13:49:47+00:00\",\"dateModified\":\"2024-06-23T06:55:22+00:00\",\"breadcrumb\":{\"@id\":\"https:\\\/\\\/www.appartement-edelweiss.at\\\/de\\\/kontakt\\\/#breadcrumb\"},\"inLanguage\":\"de\",\"potentialAction\":[{\"@type\":\"ReadAction\",\"target\":[\"https:\\\/\\\/www.appartement-edelweiss.at\\\/de\\\/kontakt\\\/\"]}]},{\"@type\":\"BreadcrumbList\",\"@id\":\"https:\\\/\\\/www.appartement-edelweiss.at\\\/de\\\/kontakt\\\/#breadcrumb\",\"itemListElement\":[{\"@type\":\"ListItem\",\"position\":1,\"name\":\"Kezd\u0151lap\",\"item\":\"https:\\\/\\\/www.appartement-edelweiss.at\\\/de\\\/edelweiss-appartements\\\/\"},{\"@type\":\"ListItem\",\"position\":2,\"name\":\"Kontakt\"}]},{\"@type\":\"WebSite\",\"@id\":\"https:\\\/\\\/www.appartement-edelweiss.at\\\/#website\",\"url\":\"https:\\\/\\\/www.appartement-edelweiss.at\\\/\",\"name\":\"Edelweiss Appartements\",\"description\":\"\",\"publisher\":{\"@id\":\"https:\\\/\\\/www.appartement-edelweiss.at\\\/#organization\"},\"potentialAction\":[{\"@type\":\"SearchAction\",\"target\":{\"@type\":\"EntryPoint\",\"urlTemplate\":\"https:\\\/\\\/www.appartement-edelweiss.at\\\/?s={search_term_string}\"},\"query-input\":{\"@type\":\"PropertyValueSpecification\",\"valueRequired\":true,\"valueName\":\"search_term_string\"}}],\"inLanguage\":\"de\"},{\"@type\":\"Organization\",\"@id\":\"https:\\\/\\\/www.appartement-edelweiss.at\\\/#organization\",\"name\":\"Edelweiss Appartements\",\"url\":\"https:\\\/\\\/www.appartement-edelweiss.at\\\/\",\"logo\":{\"@type\":\"ImageObject\",\"inLanguage\":\"de\",\"@id\":\"https:\\\/\\\/www.appartement-edelweiss.at\\\/#\\\/schema\\\/logo\\\/image\\\/\",\"url\":\"https:\\\/\\\/www.appartement-edelweiss.at\\\/wp-content\\\/uploads\\\/logo-1.svg\",\"contentUrl\":\"https:\\\/\\\/www.appartement-edelweiss.at\\\/wp-content\\\/uploads\\\/logo-1.svg\",\"width\":1,\"height\":1,\"caption\":\"Edelweiss Appartements\"},\"image\":{\"@id\":\"https:\\\/\\\/www.appartement-edelweiss.at\\\/#\\\/schema\\\/logo\\\/image\\\/\"},\"sameAs\":[\"https:\\\/\\\/www.facebook.com\\\/EdelweissAppartement\"]}]}<\/script>\n<!-- \/ Yoast SEO Premium plugin. -->","yoast_head_json":{"title":"Kontakt - Edelweiss Appartements","robots":{"index":"index","follow":"follow","max-snippet":"max-snippet:-1","max-image-preview":"max-image-preview:large","max-video-preview":"max-video-preview:-1"},"canonical":"https:\/\/www.appartement-edelweiss.at\/de\/kontakt\/","og_locale":"de_DE","og_type":"article","og_title":"Kontakt","og_url":"https:\/\/www.appartement-edelweiss.at\/de\/kontakt\/","og_site_name":"Edelweiss Appartements","article_publisher":"https:\/\/www.facebook.com\/EdelweissAppartement","article_modified_time":"2024-06-23T06:55:22+00:00","twitter_card":"summary_large_image","twitter_misc":{"Gesch\u00e4tzte Lesezeit":"1\u00a0Minute"},"schema":{"@context":"https:\/\/schema.org","@graph":[{"@type":"WebPage","@id":"https:\/\/www.appartement-edelweiss.at\/de\/kontakt\/","url":"https:\/\/www.appartement-edelweiss.at\/de\/kontakt\/","name":"Kontakt - Edelweiss Appartements","isPartOf":{"@id":"https:\/\/www.appartement-edelweiss.at\/#website"},"datePublished":"2014-07-09T13:49:47+00:00","dateModified":"2024-06-23T06:55:22+00:00","breadcrumb":{"@id":"https:\/\/www.appartement-edelweiss.at\/de\/kontakt\/#breadcrumb"},"inLanguage":"de","potentialAction":[{"@type":"ReadAction","target":["https:\/\/www.appartement-edelweiss.at\/de\/kontakt\/"]}]},{"@type":"BreadcrumbList","@id":"https:\/\/www.appartement-edelweiss.at\/de\/kontakt\/#breadcrumb","itemListElement":[{"@type":"ListItem","position":1,"name":"Kezd\u0151lap","item":"https:\/\/www.appartement-edelweiss.at\/de\/edelweiss-appartements\/"},{"@type":"ListItem","position":2,"name":"Kontakt"}]},{"@type":"WebSite","@id":"https:\/\/www.appartement-edelweiss.at\/#website","url":"https:\/\/www.appartement-edelweiss.at\/","name":"Edelweiss Appartements","description":"","publisher":{"@id":"https:\/\/www.appartement-edelweiss.at\/#organization"},"potentialAction":[{"@type":"SearchAction","target":{"@type":"EntryPoint","urlTemplate":"https:\/\/www.appartement-edelweiss.at\/?s={search_term_string}"},"query-input":{"@type":"PropertyValueSpecification","valueRequired":true,"valueName":"search_term_string"}}],"inLanguage":"de"},{"@type":"Organization","@id":"https:\/\/www.appartement-edelweiss.at\/#organization","name":"Edelweiss Appartements","url":"https:\/\/www.appartement-edelweiss.at\/","logo":{"@type":"ImageObject","inLanguage":"de","@id":"https:\/\/www.appartement-edelweiss.at\/#\/schema\/logo\/image\/","url":"https:\/\/www.appartement-edelweiss.at\/wp-content\/uploads\/logo-1.svg","contentUrl":"https:\/\/www.appartement-edelweiss.at\/wp-content\/uploads\/logo-1.svg","width":1,"height":1,"caption":"Edelweiss Appartements"},"image":{"@id":"https:\/\/www.appartement-edelweiss.at\/#\/schema\/logo\/image\/"},"sameAs":["https:\/\/www.facebook.com\/EdelweissAppartement"]}]}},"_links":{"self":[{"href":"https:\/\/www.appartement-edelweiss.at\/de\/wp-json\/wp\/v2\/pages\/1077","targetHints":{"allow":["GET"]}}],"collection":[{"href":"https:\/\/www.appartement-edelweiss.at\/de\/wp-json\/wp\/v2\/pages"}],"about":[{"href":"https:\/\/www.appartement-edelweiss.at\/de\/wp-json\/wp\/v2\/types\/page"}],"author":[{"embeddable":true,"href":"https:\/\/www.appartement-edelweiss.at\/de\/wp-json\/wp\/v2\/users\/1"}],"replies":[{"embeddable":true,"href":"https:\/\/www.appartement-edelweiss.at\/de\/wp-json\/wp\/v2\/comments?post=1077"}],"version-history":[{"count":7,"href":"https:\/\/www.appartement-edelweiss.at\/de\/wp-json\/wp\/v2\/pages\/1077\/revisions"}],"predecessor-version":[{"id":1174,"href":"https:\/\/www.appartement-edelweiss.at\/de\/wp-json\/wp\/v2\/pages\/1077\/revisions\/1174"}],"wp:attachment":[{"href":"https:\/\/www.appartement-edelweiss.at\/de\/wp-json\/wp\/v2\/media?parent=1077"}],"curies":[{"name":"wp","href":"https:\/\/api.w.org\/{rel}","templated":true}]}}